{"id":674,"date":"2018-09-27T13:21:39","date_gmt":"2018-09-27T13:21:39","guid":{"rendered":"http:\/\/vdmcargo.com\/?page_id=674"},"modified":"2018-11-15T15:17:44","modified_gmt":"2018-11-15T15:17:44","slug":"ueber-uns","status":"publish","type":"page","link":"https:\/\/vdmcargo.com\/de\/ueber-uns\/","title":{"rendered":"\u00fcber uns"},"content":{"rendered":"<p>[vc_row row_height_percent=&#8220;0&#8243; override_padding=&#8220;yes&#8220; h_padding=&#8220;0&#8243; top_padding=&#8220;0&#8243; bottom_padding=&#8220;2&#8243; overlay_alpha=&#8220;50&#8243; equal_height=&#8220;yes&#8220; gutter_size=&#8220;0&#8243; column_width_percent=&#8220;100&#8243; shift_y=&#8220;0&#8243; z_index=&#8220;0&#8243; css=&#8220;.vc_custom_1536062097776{margin-top: -50px !important;padding-right: 5% !important;padding-left: 5% !important;}&#8220;][vc_column column_width_percent=&#8220;100&#8243; align_horizontal=&#8220;align_center&#8220; override_padding=&#8220;yes&#8220; column_padding=&#8220;0&#8243; back_color=&#8220;color-xsdn&#8220; overlay_alpha=&#8220;50&#8243; gutter_size=&#8220;3&#8243; medium_width=&#8220;0&#8243; mobile_width=&#8220;0&#8243; shift_x=&#8220;0&#8243; shift_y=&#8220;0&#8243; shift_y_down=&#8220;0&#8243; z_index=&#8220;0&#8243; width=&#8220;1\/1&#8243; css=&#8220;.vc_custom_1531148161380{padding-top: 30px !important;padding-right: 5% !important;padding-bottom: 30px !important;padding-left: 5% !important;}&#8220;][vc_column_text]<\/p>\n<h1>\u00dcBER UNS<\/h1>\n<hr style=\"height: 3px; border: none; color: #231e55; background-color: #231e55;\" width=\"100px\" \/>\n<h5>Im Jahr 2009 haben wir uns f\u00fcr die Unabh\u00e4ngigkeit entschieden. In den folgenden Jahren hat sich unser Unternehmen zu einem Unternehmen mit einem jungen Fuhrpark entwickelt, der f\u00fcr verschiedene Verkehrstr\u00e4ger wie St\u00fcckgut, Maschinen, klimatisierte und ADR-G\u00fcter bestimmt ist.<\/h5>\n<p>Wir sind ein dienstleistungsorientiertes Unternehmen. Unsere Expertise ist sehr umfangreich und wir legen gro\u00dfen Wert auf den pers\u00f6nlichen Kontakt zu unseren Kunden. Zusammen mit unseren festen Partnern in den Niederlanden und der Schweiz k\u00f6nnen wir die Zollabfertigung der transportierten Waren \u00fcbernehmen.\u00a0Wir arbeiten nur mit niederl\u00e4ndischen Fahrern zusammen, die \u00fcber die richtigen Papiere (z.B. Code95, ADR-Zertifikat, etc.) gem\u00e4\u00df den europ\u00e4ischen Richtlinien verf\u00fcgen.[\/vc_column_text][\/vc_column][\/vc_row]<\/p>\n","protected":false},"excerpt":{"rendered":"<p>[vc_row row_height_percent=&#8220;0&#8243; override_padding=&#8220;yes&#8220; h_padding=&#8220;0&#8243; top_padding=&#8220;0&#8243; bottom_padding=&#8220;2&#8243; overlay_alpha=&#8220;50&#8243; equal_height=&#8220;yes&#8220; gutter_size=&#8220;0&#8243; column_width_percent=&#8220;100&#8243; shift_y=&#8220;0&#8243; z_index=&#8220;0&#8243; css=&#8220;.vc_custom_1536062097776{margin-top: -50px !important;padding-right: 5% !important;padding-left: 5% !important;}&#8220;][vc_column column_width_percent=&#8220;100&#8243; [&hellip;]<\/p>\n","protected":false},"author":1,"featured_media":0,"parent":0,"menu_order":0,"comment_status":"closed","ping_status":"closed","template":"","meta":{"footnotes":""},"class_list":["post-674","page","type-page","status-publish","hentry"],"_links":{"self":[{"href":"https:\/\/vdmcargo.com\/de\/wp-json\/wp\/v2\/pages\/674\/"}],"collection":[{"href":"https:\/\/vdmcargo.com\/de\/wp-json\/wp\/v2\/pages\/"}],"about":[{"href":"https:\/\/vdmcargo.com\/de\/wp-json\/wp\/v2\/types\/page\/"}],"author":[{"embeddable":true,"href":"https:\/\/vdmcargo.com\/de\/wp-json\/wp\/v2\/users\/1\/"}],"replies":[{"embeddable":true,"href":"https:\/\/vdmcargo.com\/de\/wp-json\/wp\/v2\/comments\/?post=674"}],"version-history":[{"count":3,"href":"https:\/\/vdmcargo.com\/de\/wp-json\/wp\/v2\/pages\/674\/revisions\/"}],"predecessor-version":[{"id":835,"href":"https:\/\/vdmcargo.com\/de\/wp-json\/wp\/v2\/pages\/674\/revisions\/835\/"}],"wp:attachment":[{"href":"https:\/\/vdmcargo.com\/de\/wp-json\/wp\/v2\/media\/?parent=674"}],"curies":[{"name":"wp","href":"https:\/\/api.w.org\/{rel}","templated":true}]}}