{"id":671,"date":"2018-09-27T13:20:21","date_gmt":"2018-09-27T13:20:21","guid":{"rendered":"http:\/\/vdmcargo.com\/?page_id=671"},"modified":"2026-01-27T08:54:29","modified_gmt":"2026-01-27T08:54:29","slug":"dieseltoeslag","status":"publish","type":"page","link":"https:\/\/vdmcargo.com\/de\/dieseltoeslag\/","title":{"rendered":"Dieseltoeslag"},"content":{"rendered":"<p>[vc_row row_height_percent=&#8220;0&#8243; override_padding=&#8220;yes&#8220; h_padding=&#8220;0&#8243; top_padding=&#8220;0&#8243; bottom_padding=&#8220;2&#8243; overlay_alpha=&#8220;50&#8243; equal_height=&#8220;yes&#8220; gutter_size=&#8220;0&#8243; column_width_percent=&#8220;100&#8243; shift_y=&#8220;0&#8243; z_index=&#8220;0&#8243; css=&#8220;.vc_custom_1531132605158{margin-top: -50px !important;padding-right: 5% !important;padding-left: 5% !important;}&#8220;][vc_column column_width_percent=&#8220;100&#8243; align_horizontal=&#8220;align_center&#8220; gutter_size=&#8220;3&#8243; back_color=&#8220;color-xsdn&#8220; overlay_alpha=&#8220;50&#8243; shift_x=&#8220;0&#8243; shift_y=&#8220;0&#8243; shift_y_down=&#8220;0&#8243; z_index=&#8220;0&#8243; medium_width=&#8220;0&#8243; mobile_width=&#8220;0&#8243; width=&#8220;1\/1&#8243;][vc_column_text]<\/p>\n<h1>DIESELZUSCHLAG<\/h1>\n<hr style=\"height: 3px; border: none; color: #231e55; background-color: #231e55;\" width=\"100px\" \/>\n<h5>Der Dieselzuschlag vom Woche 4 &#8211; 2026 betr\u00e4gt:\u00a0 18,5% bei einem Dieselpreis von 1,687\u20ac.<\/h5>\n<h5>Der Kraftstoffpreis hat einen gro\u00dfen Einfluss auf unsere Transportraten, weshalb wir einen Dieselzuschlag erheben. Dieser Zuschlag \u00e4ndert T\u00e4glich. Die Dieselpreise, die wir zur Ermittlung der Zuschl\u00e4ge verwenden, finden Sie auf der Website von Transport en Logistiek Nederland (TLN).<\/h5>\n<h5>Nachfolgend finden Sie eine Tabelle mit dem Dieselpreis, zu welchem Prozentsatz wir Diesel nutzen.<\/h5>\n<p>[\/vc_column_text][vc_column_text]<\/p>\n<table width=\"100%\" bgcolor=\"#231e55\">\n<tbody>\n<tr>\n<td style=\"color: #ffffff;\" width=\"33%\"><strong>Dieselprijs TLN<\/strong><\/td>\n<td style=\"color: #ffffff;\" width=\"33%\"><\/td>\n<td style=\"color: #ffffff;\" width=\"33%\"><strong>Dieseltoeslag<\/strong><\/td>\n<\/tr>\n<\/tbody>\n<\/table>\n<table class=\"TFtable\" style=\"width: 100%; height: 770px;\" width=\"100%\">\n<tbody>\n<tr style=\"height: 22px;\">\n<td style=\"height: 22px;\" width=\"33%\"><strong>Van \u20ac<\/strong><\/td>\n<td style=\"height: 22px;\" width=\"33%\"><strong>Tot \u20ac<\/strong><\/td>\n<td style=\"height: 22px;\" width=\"33%\"><strong>Percentage in %<\/strong><\/td>\n<\/tr>\n<tr style=\"height: 22px;\">\n<td style=\"height: 22px;\">0,83<\/td>\n<td style=\"height: 22px;\">1,02<\/td>\n<td style=\"height: 22px;\">0<\/td>\n<\/tr>\n<tr style=\"height: 22px;\">\n<td style=\"height: 22px;\">1,02<\/td>\n<td style=\"height: 22px;\">1,04<\/td>\n<td style=\"height: 22px;\">2<\/td>\n<\/tr>\n<tr style=\"height: 22px;\">\n<td style=\"height: 22px;\">1,04<\/td>\n<td style=\"height: 22px;\">1,06<\/td>\n<td style=\"height: 22px;\">2,5<\/td>\n<\/tr>\n<tr style=\"height: 22px;\">\n<td style=\"height: 22px;\">1,06<\/td>\n<td style=\"height: 22px;\">1,08<\/td>\n<td style=\"height: 22px;\">3<\/td>\n<\/tr>\n<tr style=\"height: 22px;\">\n<td style=\"height: 22px;\">1,08<\/td>\n<td style=\"height: 22px;\">1,10<\/td>\n<td style=\"height: 22px;\">3,5<\/td>\n<\/tr>\n<tr style=\"height: 22px;\">\n<td style=\"height: 22px;\">1,10<\/td>\n<td style=\"height: 22px;\">1,12<\/td>\n<td style=\"height: 22px;\">4<\/td>\n<\/tr>\n<tr style=\"height: 22px;\">\n<td style=\"height: 22px;\">1,12<\/td>\n<td style=\"height: 22px;\">1,14<\/td>\n<td style=\"height: 22px;\">4,5<\/td>\n<\/tr>\n<tr style=\"height: 22px;\">\n<td style=\"height: 22px;\">1,14<\/td>\n<td style=\"height: 22px;\">1,16<\/td>\n<td style=\"height: 22px;\">5<\/td>\n<\/tr>\n<tr style=\"height: 22px;\">\n<td style=\"height: 22px;\">1,16<\/td>\n<td style=\"height: 22px;\">1,18<\/td>\n<td style=\"height: 22px;\">5,5<\/td>\n<\/tr>\n<tr style=\"height: 22px;\">\n<td style=\"height: 22px;\">1,18<\/td>\n<td style=\"height: 22px;\">1,20<\/td>\n<td style=\"height: 22px;\">6<\/td>\n<\/tr>\n<tr style=\"height: 22px;\">\n<td style=\"height: 22px;\">1,20<\/td>\n<td style=\"height: 22px;\">1,22<\/td>\n<td style=\"height: 22px;\">6,5<\/td>\n<\/tr>\n<tr style=\"height: 22px;\">\n<td style=\"height: 22px;\">1,22<\/td>\n<td style=\"height: 22px;\">1,24<\/td>\n<td style=\"height: 22px;\">7<\/td>\n<\/tr>\n<tr style=\"height: 22px;\">\n<td style=\"height: 22px;\">1,24<\/td>\n<td style=\"height: 22px;\">1,26<\/td>\n<td style=\"height: 22px;\">7,5<\/td>\n<\/tr>\n<tr style=\"height: 22px;\">\n<td style=\"height: 22px;\">1,26<\/td>\n<td style=\"height: 22px;\">1,28<\/td>\n<td style=\"height: 22px;\">8<\/td>\n<\/tr>\n<tr style=\"height: 22px;\">\n<td style=\"height: 22px;\">1,28<\/td>\n<td style=\"height: 22px;\">1,30<\/td>\n<td style=\"height: 22px;\">8,5<\/td>\n<\/tr>\n<tr style=\"height: 22px;\">\n<td style=\"height: 22px;\">1,30<\/td>\n<td style=\"height: 22px;\">1,32<\/td>\n<td style=\"height: 22px;\">9<\/td>\n<\/tr>\n<tr style=\"height: 22px;\">\n<td style=\"height: 22px;\">1,32<\/td>\n<td style=\"height: 22px;\">1,34<\/td>\n<td style=\"height: 22px;\">9,5<\/td>\n<\/tr>\n<tr style=\"height: 22px;\">\n<td style=\"height: 22px;\">1,34<\/td>\n<td style=\"height: 22px;\">1,36<\/td>\n<td style=\"height: 22px;\">10<\/td>\n<\/tr>\n<tr style=\"height: 22px;\">\n<td style=\"height: 22px;\">1,36<\/td>\n<td style=\"height: 22px;\">1,38<\/td>\n<td style=\"height: 22px;\">10,5<\/td>\n<\/tr>\n<tr style=\"height: 22px;\">\n<td style=\"height: 22px;\">1,38<\/td>\n<td style=\"height: 22px;\">1,40<\/td>\n<td style=\"height: 22px;\">11<\/td>\n<\/tr>\n<tr style=\"height: 22px;\">\n<td style=\"height: 22px;\">1,40<\/td>\n<td style=\"height: 22px;\">1,42<\/td>\n<td style=\"height: 22px;\">11,5<\/td>\n<\/tr>\n<tr style=\"height: 22px;\">\n<td style=\"height: 22px;\">1,42<\/td>\n<td style=\"height: 22px;\">1,44<\/td>\n<td style=\"height: 22px;\">12<\/td>\n<\/tr>\n<tr style=\"height: 22px;\">\n<td style=\"height: 22px;\">1,44<\/td>\n<td style=\"height: 22px;\">1,46<\/td>\n<td style=\"height: 22px;\">12,5<\/td>\n<\/tr>\n<tr style=\"height: 22px;\">\n<td style=\"height: 22px;\">1,46<\/td>\n<td style=\"height: 22px;\">1,48<\/td>\n<td style=\"height: 22px;\">13<\/td>\n<\/tr>\n<tr style=\"height: 22px;\">\n<td style=\"height: 22px;\">1,48<\/td>\n<td style=\"height: 22px;\">1,50<\/td>\n<td style=\"height: 22px;\">13,5<\/td>\n<\/tr>\n<tr style=\"height: 22px;\">\n<td style=\"height: 22px;\">1,50<\/td>\n<td style=\"height: 22px;\">1,52<\/td>\n<td style=\"height: 22px;\">14<\/td>\n<\/tr>\n<tr style=\"height: 22px;\">\n<td style=\"height: 22px;\">1,52<\/td>\n<td style=\"height: 22px;\">1,54<\/td>\n<td style=\"height: 22px;\">14,5<\/td>\n<\/tr>\n<tr style=\"height: 22px;\">\n<td style=\"height: 22px;\">1,54<\/td>\n<td style=\"height: 22px;\">1,56<\/td>\n<td style=\"height: 22px;\">15<\/td>\n<\/tr>\n<tr style=\"height: 22px;\">\n<td style=\"height: 22px;\">1,56<\/td>\n<td style=\"height: 22px;\">1,58<\/td>\n<td style=\"height: 22px;\">15,5<\/td>\n<\/tr>\n<tr style=\"height: 22px;\">\n<td style=\"height: 22px;\">1,58<\/td>\n<td style=\"height: 22px;\">1,60<\/td>\n<td style=\"height: 22px;\">16<\/td>\n<\/tr>\n<tr style=\"height: 22px;\">\n<td style=\"height: 22px;\">1,60<\/td>\n<td style=\"height: 22px;\">1,62<\/td>\n<td style=\"height: 22px;\">16,5<\/td>\n<\/tr>\n<tr style=\"height: 22px;\">\n<td style=\"height: 22px;\">1,62<\/td>\n<td style=\"height: 22px;\">1,64<\/td>\n<td style=\"height: 22px;\">17<\/td>\n<\/tr>\n<tr style=\"height: 22px;\">\n<td style=\"height: 22px;\">1,64<\/td>\n<td style=\"height: 22px;\">1,66<\/td>\n<td style=\"height: 22px;\">17,5<\/td>\n<\/tr>\n<tr style=\"height: 22px;\">\n<td style=\"height: 22px;\">1,66<\/td>\n<td style=\"height: 22px;\">1,68<\/td>\n<td style=\"height: 22px;\">18<\/td>\n<\/tr>\n<tr>\n<td>1,68<\/td>\n<td>1,70<\/td>\n<td>18,5<\/td>\n<\/tr>\n<tr>\n<td>1,70<\/td>\n<td>1,72<\/td>\n<td>19<\/td>\n<\/tr>\n<tr>\n<td>1,72<\/td>\n<td>1,74<\/td>\n<td>19,5<\/td>\n<\/tr>\n<tr>\n<td>1,74<\/td>\n<td>1,76<\/td>\n<td>20<\/td>\n<\/tr>\n<tr>\n<td>1,76<\/td>\n<td>1,78<\/td>\n<td>20,5<\/td>\n<\/tr>\n<tr>\n<td>1,78<\/td>\n<td>1,80<\/td>\n<td>21<\/td>\n<\/tr>\n<tr>\n<td>1,80<\/td>\n<td>1,82<\/td>\n<td>21,5<\/td>\n<\/tr>\n<tr>\n<td>1,82<\/td>\n<td>1,84<\/td>\n<td>22<\/td>\n<\/tr>\n<tr>\n<td>1,84<\/td>\n<td>1,86<\/td>\n<td>22,5<\/td>\n<\/tr>\n<tr>\n<td>1,86<\/td>\n<td>1,88<\/td>\n<td>23<\/td>\n<\/tr>\n<tr>\n<td>1,88<\/td>\n<td>1,90<\/td>\n<td>23,5<\/td>\n<\/tr>\n<tr>\n<td>1,90<\/td>\n<td>1,92<\/td>\n<td>24<\/td>\n<\/tr>\n<tr>\n<td>1,92<\/td>\n<td>1,94<\/td>\n<td>24,5<\/td>\n<\/tr>\n<\/tbody>\n<\/table>\n<p>[\/vc_column_text][\/vc_column][\/vc_row]<\/p>\n","protected":false},"excerpt":{"rendered":"<p>[vc_row row_height_percent=&#8220;0&#8243; override_padding=&#8220;yes&#8220; h_padding=&#8220;0&#8243; top_padding=&#8220;0&#8243; bottom_padding=&#8220;2&#8243; overlay_alpha=&#8220;50&#8243; equal_height=&#8220;yes&#8220; gutter_size=&#8220;0&#8243; column_width_percent=&#8220;100&#8243; shift_y=&#8220;0&#8243; z_index=&#8220;0&#8243; css=&#8220;.vc_custom_1531132605158{margin-top: -50px !important;padding-right: 5% !important;padding-left: 5% !important;}&#8220;][vc_column column_width_percent=&#8220;100&#8243; [&hellip;]<\/p>\n","protected":false},"author":1,"featured_media":0,"parent":0,"menu_order":0,"comment_status":"closed","ping_status":"closed","template":"","meta":{"footnotes":""},"class_list":["post-671","page","type-page","status-publish","hentry"],"_links":{"self":[{"href":"https:\/\/vdmcargo.com\/de\/wp-json\/wp\/v2\/pages\/671\/"}],"collection":[{"href":"https:\/\/vdmcargo.com\/de\/wp-json\/wp\/v2\/pages\/"}],"about":[{"href":"https:\/\/vdmcargo.com\/de\/wp-json\/wp\/v2\/types\/page\/"}],"author":[{"embeddable":true,"href":"https:\/\/vdmcargo.com\/de\/wp-json\/wp\/v2\/users\/1\/"}],"replies":[{"embeddable":true,"href":"https:\/\/vdmcargo.com\/de\/wp-json\/wp\/v2\/comments\/?post=671"}],"version-history":[{"count":111,"href":"https:\/\/vdmcargo.com\/de\/wp-json\/wp\/v2\/pages\/671\/revisions\/"}],"predecessor-version":[{"id":1940,"href":"https:\/\/vdmcargo.com\/de\/wp-json\/wp\/v2\/pages\/671\/revisions\/1940\/"}],"wp:attachment":[{"href":"https:\/\/vdmcargo.com\/de\/wp-json\/wp\/v2\/media\/?parent=671"}],"curies":[{"name":"wp","href":"https:\/\/api.w.org\/{rel}","templated":true}]}}