{"id":670,"date":"2018-09-27T13:20:13","date_gmt":"2018-09-27T13:20:13","guid":{"rendered":"http:\/\/vdmcargo.com\/?page_id=670"},"modified":"2018-11-19T14:14:30","modified_gmt":"2018-11-19T14:14:30","slug":"tautliners","status":"publish","type":"page","link":"https:\/\/vdmcargo.com\/de\/dienstleistungen\/tautliners\/","title":{"rendered":"Tautliners"},"content":{"rendered":"<p>[vc_row row_height_percent=&#8220;0&#8243; override_padding=&#8220;yes&#8220; h_padding=&#8220;0&#8243; top_padding=&#8220;0&#8243; bottom_padding=&#8220;2&#8243; overlay_alpha=&#8220;50&#8243; equal_height=&#8220;yes&#8220; gutter_size=&#8220;0&#8243; column_width_percent=&#8220;100&#8243; shift_y=&#8220;0&#8243; z_index=&#8220;0&#8243; css=&#8220;.vc_custom_1531132580511{margin-top: -50px !important;padding-right: 5% !important;padding-left: 5% !important;}&#8220;][vc_column column_width_percent=&#8220;100&#8243; align_horizontal=&#8220;align_center&#8220; back_color=&#8220;color-xsdn&#8220; overlay_alpha=&#8220;50&#8243; gutter_size=&#8220;3&#8243; medium_width=&#8220;0&#8243; mobile_width=&#8220;0&#8243; shift_x=&#8220;0&#8243; shift_y=&#8220;0&#8243; shift_y_down=&#8220;0&#8243; z_index=&#8220;0&#8243; width=&#8220;1\/1&#8243;][vc_column_text]<img decoding=\"async\" src=\"http:\/\/vdmcargo.com\/wp-content\/uploads\/2018\/07\/icon1.svg\" alt=\"\" width=\"154\" height=\"59\" \/><\/p>\n<h1>TAUTLINER<\/h1>\n<hr style=\"height: 3px; border: none; color: #231e55; background-color: #231e55;\" width=\"100px\" \/>\n<h5>Tautliner werden f\u00fcr alle Arten von Transporten wie Food, Non-Food, Adressg\u00fcter, B\u00e4ume usw. eingesetzt. Eine Reihe von Anh\u00e4ngern ist mit einem Heckklappen- und\/oder Hubdach und\/oder einem verbreiterbaren Heckportal ausgestattet.<\/h5>\n<p>F\u00fcr den Transport von fast allen Arten von G\u00fctern, wie St\u00fcckgut (Food, Non-Food, ADR), Maschinen, B\u00e4umen und Pflanzen. Der Vorteil eines Tautliners ist, dass die Seiten und die Oberseite \u00fcber die gesamte L\u00e4nge ge\u00f6ffnet werden k\u00f6nnen. Einige Tautliner sind mit einem Hubdach, einer Heckklappe oder einem verbreiterbaren Heckportal ausgestattet.[\/vc_column_text][\/vc_column][\/vc_row][vc_row row_height_percent=&#8220;0&#8243; override_padding=&#8220;yes&#8220; h_padding=&#8220;0&#8243; top_padding=&#8220;0&#8243; bottom_padding=&#8220;2&#8243; overlay_alpha=&#8220;50&#8243; gutter_size=&#8220;3&#8243; column_width_percent=&#8220;100&#8243; shift_y=&#8220;0&#8243; z_index=&#8220;0&#8243; css=&#8220;.vc_custom_1531144893232{padding-right: 5% !important;padding-left: 5% !important;}&#8220;][vc_column width=&#8220;1\/1&#8243;][vc_gallery el_id=&#8220;gallery-454611&#8243; medias=&#8220;250,254,255,257,258,260,545,552,555,558,561,564,567,573,576&#8243; gutter_size=&#8220;3&#8243; screen_lg=&#8220;800&#8243; screen_md=&#8220;0&#8243; screen_sm=&#8220;0&#8243; single_width=&#8220;3&#8243; images_size=&#8220;four-three&#8220; single_overlay_opacity=&#8220;1&#8243; single_padding=&#8220;2&#8243; single_border=&#8220;yes&#8220;][\/vc_column][\/vc_row]<\/p>\n","protected":false},"excerpt":{"rendered":"<p>[vc_row row_height_percent=&#8220;0&#8243; override_padding=&#8220;yes&#8220; h_padding=&#8220;0&#8243; top_padding=&#8220;0&#8243; bottom_padding=&#8220;2&#8243; overlay_alpha=&#8220;50&#8243; equal_height=&#8220;yes&#8220; gutter_size=&#8220;0&#8243; column_width_percent=&#8220;100&#8243; shift_y=&#8220;0&#8243; z_index=&#8220;0&#8243; css=&#8220;.vc_custom_1531132580511{margin-top: -50px !important;padding-right: 5% !important;padding-left: 5% !important;}&#8220;][vc_column column_width_percent=&#8220;100&#8243; [&hellip;]<\/p>\n","protected":false},"author":1,"featured_media":0,"parent":667,"menu_order":0,"comment_status":"closed","ping_status":"closed","template":"","meta":{"footnotes":""},"class_list":["post-670","page","type-page","status-publish","hentry"],"_links":{"self":[{"href":"https:\/\/vdmcargo.com\/de\/wp-json\/wp\/v2\/pages\/670\/"}],"collection":[{"href":"https:\/\/vdmcargo.com\/de\/wp-json\/wp\/v2\/pages\/"}],"about":[{"href":"https:\/\/vdmcargo.com\/de\/wp-json\/wp\/v2\/types\/page\/"}],"author":[{"embeddable":true,"href":"https:\/\/vdmcargo.com\/de\/wp-json\/wp\/v2\/users\/1\/"}],"replies":[{"embeddable":true,"href":"https:\/\/vdmcargo.com\/de\/wp-json\/wp\/v2\/comments\/?post=670"}],"version-history":[{"count":4,"href":"https:\/\/vdmcargo.com\/de\/wp-json\/wp\/v2\/pages\/670\/revisions\/"}],"predecessor-version":[{"id":875,"href":"https:\/\/vdmcargo.com\/de\/wp-json\/wp\/v2\/pages\/670\/revisions\/875\/"}],"up":[{"embeddable":true,"href":"https:\/\/vdmcargo.com\/de\/wp-json\/wp\/v2\/pages\/667\/"}],"wp:attachment":[{"href":"https:\/\/vdmcargo.com\/de\/wp-json\/wp\/v2\/media\/?parent=670"}],"curies":[{"name":"wp","href":"https:\/\/api.w.org\/{rel}","templated":true}]}}