{"id":669,"date":"2018-09-27T13:20:05","date_gmt":"2018-09-27T13:20:05","guid":{"rendered":"http:\/\/vdmcargo.com\/?page_id=669"},"modified":"2018-11-15T15:25:18","modified_gmt":"2018-11-15T15:25:18","slug":"semi-diepladers","status":"publish","type":"page","link":"https:\/\/vdmcargo.com\/de\/dienstleistungen\/semi-diepladers\/","title":{"rendered":"Semitieflader"},"content":{"rendered":"<p>[vc_row row_height_percent=&#8220;0&#8243; override_padding=&#8220;yes&#8220; h_padding=&#8220;0&#8243; top_padding=&#8220;0&#8243; bottom_padding=&#8220;2&#8243; overlay_alpha=&#8220;50&#8243; equal_height=&#8220;yes&#8220; gutter_size=&#8220;0&#8243; column_width_percent=&#8220;100&#8243; shift_y=&#8220;0&#8243; z_index=&#8220;0&#8243; css=&#8220;.vc_custom_1531132521907{margin-top: -50px !important;padding-right: 5% !important;padding-left: 5% !important;}&#8220;][vc_column column_width_percent=&#8220;100&#8243; align_horizontal=&#8220;align_center&#8220; back_color=&#8220;color-xsdn&#8220; overlay_alpha=&#8220;50&#8243; gutter_size=&#8220;3&#8243; medium_width=&#8220;0&#8243; mobile_width=&#8220;0&#8243; shift_x=&#8220;0&#8243; shift_y=&#8220;0&#8243; shift_y_down=&#8220;0&#8243; z_index=&#8220;0&#8243; width=&#8220;1\/1&#8243;][vc_column_text]<img decoding=\"async\" src=\"http:\/\/vdmcargo.com\/wp-content\/uploads\/2018\/07\/icon3.svg\" alt=\"\" width=\"154\" height=\"59\" \/><\/p>\n<h1>SEMITIEFLADER<\/h1>\n<hr style=\"height: 3px; border: none; color: #231e55; background-color: #231e55;\" width=\"100px\" \/>\n<h5>Der Semie-Tieflader eignet sich hervorragend f\u00fcr den Transport von Volumeng\u00fctern wie gro\u00dfe Kartons oder Maschinen. Der Anh\u00e4nger ist mit Rampen und einem erweiterbaren Portal ausgestattet, so dass Ihre Ladung fast immer passt.<\/h5>\n<p>F\u00fcr den Transport von z.B. \u00fcberdimensionalen Kisten, Maschinen, B\u00e4umen und hohen Heckenpflanzen ist unser Semitieflader bestens geeignet. Es handelt sich um einen Anh\u00e4nger unter Segel, mit einer Innenh\u00f6he von mehr als 3 Metern und ausgestattet mit einem verbreiterbaren hinteren Portal und Rampen. Dadurch ist es sehr einfach, z.B. in einem Traktor einzufahren.[\/vc_column_text][\/vc_column][\/vc_row][vc_row row_height_percent=&#8220;0&#8243; override_padding=&#8220;yes&#8220; h_padding=&#8220;0&#8243; top_padding=&#8220;0&#8243; bottom_padding=&#8220;2&#8243; overlay_alpha=&#8220;50&#8243; gutter_size=&#8220;3&#8243; column_width_percent=&#8220;100&#8243; shift_y=&#8220;0&#8243; z_index=&#8220;0&#8243; css=&#8220;.vc_custom_1531145132938{padding-right: 5% !important;padding-left: 5% !important;}&#8220;][vc_column width=&#8220;1\/1&#8243;][vc_gallery el_id=&#8220;gallery-454611&#8243; medias=&#8220;275,276,589,592,595,598,601,610,607,604&#8243; gutter_size=&#8220;3&#8243; screen_lg=&#8220;800&#8243; screen_md=&#8220;0&#8243; screen_sm=&#8220;0&#8243; single_width=&#8220;3&#8243; images_size=&#8220;four-three&#8220; single_overlay_opacity=&#8220;1&#8243; single_padding=&#8220;2&#8243; single_border=&#8220;yes&#8220;][\/vc_column][\/vc_row]<\/p>\n","protected":false},"excerpt":{"rendered":"<p>[vc_row row_height_percent=&#8220;0&#8243; override_padding=&#8220;yes&#8220; h_padding=&#8220;0&#8243; top_padding=&#8220;0&#8243; bottom_padding=&#8220;2&#8243; overlay_alpha=&#8220;50&#8243; equal_height=&#8220;yes&#8220; gutter_size=&#8220;0&#8243; column_width_percent=&#8220;100&#8243; shift_y=&#8220;0&#8243; z_index=&#8220;0&#8243; css=&#8220;.vc_custom_1531132521907{margin-top: -50px !important;padding-right: 5% !important;padding-left: 5% !important;}&#8220;][vc_column column_width_percent=&#8220;100&#8243; [&hellip;]<\/p>\n","protected":false},"author":1,"featured_media":0,"parent":667,"menu_order":0,"comment_status":"closed","ping_status":"closed","template":"","meta":{"footnotes":""},"class_list":["post-669","page","type-page","status-publish","hentry"],"_links":{"self":[{"href":"https:\/\/vdmcargo.com\/de\/wp-json\/wp\/v2\/pages\/669\/"}],"collection":[{"href":"https:\/\/vdmcargo.com\/de\/wp-json\/wp\/v2\/pages\/"}],"about":[{"href":"https:\/\/vdmcargo.com\/de\/wp-json\/wp\/v2\/types\/page\/"}],"author":[{"embeddable":true,"href":"https:\/\/vdmcargo.com\/de\/wp-json\/wp\/v2\/users\/1\/"}],"replies":[{"embeddable":true,"href":"https:\/\/vdmcargo.com\/de\/wp-json\/wp\/v2\/comments\/?post=669"}],"version-history":[{"count":4,"href":"https:\/\/vdmcargo.com\/de\/wp-json\/wp\/v2\/pages\/669\/revisions\/"}],"predecessor-version":[{"id":840,"href":"https:\/\/vdmcargo.com\/de\/wp-json\/wp\/v2\/pages\/669\/revisions\/840\/"}],"up":[{"embeddable":true,"href":"https:\/\/vdmcargo.com\/de\/wp-json\/wp\/v2\/pages\/667\/"}],"wp:attachment":[{"href":"https:\/\/vdmcargo.com\/de\/wp-json\/wp\/v2\/media\/?parent=669"}],"curies":[{"name":"wp","href":"https:\/\/api.w.org\/{rel}","templated":true}]}}