{"id":667,"date":"2018-09-27T13:19:37","date_gmt":"2018-09-27T13:19:37","guid":{"rendered":"http:\/\/vdmcargo.com\/?page_id=667"},"modified":"2018-11-15T15:47:33","modified_gmt":"2018-11-15T15:47:33","slug":"dienstleistungen","status":"publish","type":"page","link":"https:\/\/vdmcargo.com\/de\/dienstleistungen\/","title":{"rendered":"Dienstleistungen"},"content":{"rendered":"<p>[vc_row row_height_percent=&#8220;0&#8243; override_padding=&#8220;yes&#8220; h_padding=&#8220;0&#8243; top_padding=&#8220;0&#8243; bottom_padding=&#8220;0&#8243; overlay_alpha=&#8220;50&#8243; equal_height=&#8220;yes&#8220; gutter_size=&#8220;0&#8243; column_width_percent=&#8220;100&#8243; shift_y=&#8220;0&#8243; z_index=&#8220;0&#8243; css=&#8220;.vc_custom_1534767274311{margin-top: -50px !important;padding-right: 5% !important;padding-left: 5% !important;}&#8220;][vc_column column_width_percent=&#8220;100&#8243; align_horizontal=&#8220;align_center&#8220; back_color=&#8220;color-xsdn&#8220; overlay_alpha=&#8220;50&#8243; gutter_size=&#8220;3&#8243; medium_width=&#8220;0&#8243; mobile_width=&#8220;0&#8243; shift_x=&#8220;0&#8243; shift_y=&#8220;0&#8243; shift_y_down=&#8220;0&#8243; z_index=&#8220;0&#8243; width=&#8220;1\/1&#8243;][vc_column_text]<\/p>\n<h1>Dienstleistungen<\/h1>\n<hr style=\"height: 3px; border: none; color: #231e55; background-color: #231e55;\" width=\"100px\" \/>\n<h5>Die M\u00f6glichkeiten sind unbegrenzt.<\/h5>\n<p>[\/vc_column_text][\/vc_column][\/vc_row][vc_row row_height_percent=&#8220;0&#8243; override_padding=&#8220;yes&#8220; h_padding=&#8220;0&#8243; top_padding=&#8220;1&#8243; bottom_padding=&#8220;2&#8243; overlay_alpha=&#8220;50&#8243; gutter_size=&#8220;3&#8243; column_width_percent=&#8220;100&#8243; shift_y=&#8220;0&#8243; z_index=&#8220;0&#8243; css=&#8220;.vc_custom_1534767287962{padding-right: 5% !important;padding-left: 5% !important;}&#8220;][vc_column column_width_percent=&#8220;100&#8243; align_horizontal=&#8220;align_center&#8220; style=&#8220;dark&#8220; overlay_alpha=&#8220;50&#8243; gutter_size=&#8220;3&#8243; medium_width=&#8220;0&#8243; mobile_width=&#8220;0&#8243; shift_x=&#8220;0&#8243; shift_y=&#8220;0&#8243; shift_y_down=&#8220;0&#8243; z_index=&#8220;0&#8243; width=&#8220;1\/1&#8243;][vc_row_inner row_inner_height_percent=&#8220;0&#8243; overlay_alpha=&#8220;50&#8243; equal_height=&#8220;yes&#8220; gutter_size=&#8220;1&#8243; shift_y=&#8220;0&#8243; z_index=&#8220;0&#8243; shape_dividers=&#8220;&#8220;][vc_column_inner column_width_percent=&#8220;100&#8243; align_horizontal=&#8220;align_center&#8220; override_padding=&#8220;yes&#8220; column_padding=&#8220;2&#8243; style=&#8220;light&#8220; gutter_size=&#8220;3&#8243; back_color=&#8220;color-xsdn&#8220; overlay_alpha=&#8220;50&#8243; medium_width=&#8220;0&#8243; mobile_width=&#8220;0&#8243; shift_x=&#8220;0&#8243; shift_y=&#8220;0&#8243; shift_y_down=&#8220;0&#8243; z_index=&#8220;0&#8243; width=&#8220;1\/3&#8243; css=&#8220;.vc_custom_1530799589916{padding-top: 20px !important;padding-right: 2% !important;padding-bottom: 20px !important;padding-left: 2% !important;}&#8220;][vc_column_text]<img decoding=\"async\" src=\"http:\/\/vdmcargo.com\/wp-content\/uploads\/2018\/07\/icon1.svg\" alt=\"\" width=\"154\" height=\"59\" \/><\/p>\n<h2>TAUTLINER<\/h2>\n<hr style=\"height: 3px; border: none; color: #231e55; background-color: #231e55;\" width=\"100px\" \/>\n<p class=\"p1\"><span class=\"s1\">Tautliner werden f\u00fcr alle Arten von Transporten wie Food, Non-Food, Adressg\u00fcter, B\u00e4ume usw. eingesetzt. Eine Reihe von Anh\u00e4ngern ist mit einem Heckklappen- und\/oder Hubdach und\/oder einem verbreiterbaren Heckportal ausgestattet.<\/span><\/p>\n<p><a href=\"http:\/\/vdmcargo.com\/de\/dienstleistungen\/tautliners\/\"><img decoding=\"async\" src=\"http:\/\/vdmcargo.com\/wp-content\/uploads\/2018\/09\/weiterlesen-1.svg\" alt=\"\" width=\"140\" height=\"36\" \/><\/a>[\/vc_column_text][\/vc_column_inner][vc_column_inner column_width_percent=&#8220;100&#8243; align_horizontal=&#8220;align_center&#8220; style=&#8220;light&#8220; gutter_size=&#8220;3&#8243; back_color=&#8220;color-xsdn&#8220; overlay_alpha=&#8220;50&#8243; medium_width=&#8220;0&#8243; mobile_width=&#8220;0&#8243; shift_x=&#8220;0&#8243; shift_y=&#8220;0&#8243; shift_y_down=&#8220;0&#8243; z_index=&#8220;0&#8243; width=&#8220;1\/3&#8243; css=&#8220;.vc_custom_1530799596422{padding-top: 20px !important;padding-right: 2% !important;padding-bottom: 20px !important;padding-left: 2% !important;}&#8220;][vc_column_text]<img decoding=\"async\" src=\"http:\/\/vdmcargo.com\/wp-content\/uploads\/2018\/07\/icon2.svg\" alt=\"\" width=\"154\" height=\"59\" \/><\/p>\n<h2>K\u00dcHLER<\/h2>\n<hr style=\"height: 3px; border: none; color: #231e55; background-color: #231e55;\" width=\"100px\" \/>\n<p class=\"p1\"><span class=\"s1\">Konditionierter Transport von Lebensmitteln, Non-Food, Chemikalien und\/oder hochwertigen G\u00fctern, auf Wunsch ist eine Lieferung mit einer Ladeklappe m\u00f6glich.<\/span><\/p>\n<p><a href=\"http:\/\/vdmcargo.com\/de\/dienstleistungen\/kuehler\/\"><img decoding=\"async\" src=\"http:\/\/vdmcargo.com\/wp-content\/uploads\/2018\/09\/weiterlesen-1.svg\" alt=\"\" width=\"140\" height=\"36\" \/><\/a>[\/vc_column_text][\/vc_column_inner][vc_column_inner column_width_percent=&#8220;100&#8243; align_horizontal=&#8220;align_center&#8220; style=&#8220;light&#8220; gutter_size=&#8220;3&#8243; back_color=&#8220;color-xsdn&#8220; overlay_alpha=&#8220;50&#8243; medium_width=&#8220;0&#8243; mobile_width=&#8220;0&#8243; shift_x=&#8220;0&#8243; shift_y=&#8220;0&#8243; shift_y_down=&#8220;0&#8243; z_index=&#8220;0&#8243; width=&#8220;1\/3&#8243; css=&#8220;.vc_custom_1530799605908{padding-top: 20px !important;padding-right: 2% !important;padding-bottom: 20px !important;padding-left: 2% !important;}&#8220;][vc_column_text]<img decoding=\"async\" src=\"http:\/\/vdmcargo.com\/wp-content\/uploads\/2018\/07\/icon3.svg\" alt=\"\" width=\"154\" height=\"59\" \/><\/p>\n<h2>SEMITIEFLADER<\/h2>\n<hr style=\"height: 3px; border: none; color: #231e55; background-color: #231e55;\" width=\"100px\" \/>\n<p>Der Semie-Tieflader eignet sich hervorragend f\u00fcr den Transport von Volumeng\u00fctern wie gro\u00dfe Kartons oder Maschinen. Der Anh\u00e4nger ist mit Rampen und einem erweiterbaren Portal ausgestattet, so dass Ihre Ladung fast immer passt.<\/p>\n<p><a href=\"http:\/\/vdmcargo.com\/de\/dienstleistungen\/semi-diepladers\/\"><img decoding=\"async\" src=\"http:\/\/vdmcargo.com\/wp-content\/uploads\/2018\/09\/weiterlesen-1.svg\" alt=\"\" width=\"140\" height=\"36\" \/><\/a>[\/vc_column_text][\/vc_column_inner][\/vc_row_inner][\/vc_column][\/vc_row]<\/p>\n","protected":false},"excerpt":{"rendered":"<p>[vc_row row_height_percent=&#8220;0&#8243; override_padding=&#8220;yes&#8220; h_padding=&#8220;0&#8243; top_padding=&#8220;0&#8243; bottom_padding=&#8220;0&#8243; overlay_alpha=&#8220;50&#8243; equal_height=&#8220;yes&#8220; gutter_size=&#8220;0&#8243; column_width_percent=&#8220;100&#8243; shift_y=&#8220;0&#8243; z_index=&#8220;0&#8243; css=&#8220;.vc_custom_1534767274311{margin-top: -50px !important;padding-right: 5% !important;padding-left: 5% !important;}&#8220;][vc_column column_width_percent=&#8220;100&#8243; [&hellip;]<\/p>\n","protected":false},"author":1,"featured_media":0,"parent":0,"menu_order":0,"comment_status":"closed","ping_status":"closed","template":"","meta":{"footnotes":""},"class_list":["post-667","page","type-page","status-publish","hentry"],"_links":{"self":[{"href":"https:\/\/vdmcargo.com\/de\/wp-json\/wp\/v2\/pages\/667\/"}],"collection":[{"href":"https:\/\/vdmcargo.com\/de\/wp-json\/wp\/v2\/pages\/"}],"about":[{"href":"https:\/\/vdmcargo.com\/de\/wp-json\/wp\/v2\/types\/page\/"}],"author":[{"embeddable":true,"href":"https:\/\/vdmcargo.com\/de\/wp-json\/wp\/v2\/users\/1\/"}],"replies":[{"embeddable":true,"href":"https:\/\/vdmcargo.com\/de\/wp-json\/wp\/v2\/comments\/?post=667"}],"version-history":[{"count":6,"href":"https:\/\/vdmcargo.com\/de\/wp-json\/wp\/v2\/pages\/667\/revisions\/"}],"predecessor-version":[{"id":855,"href":"https:\/\/vdmcargo.com\/de\/wp-json\/wp\/v2\/pages\/667\/revisions\/855\/"}],"wp:attachment":[{"href":"https:\/\/vdmcargo.com\/de\/wp-json\/wp\/v2\/media\/?parent=667"}],"curies":[{"name":"wp","href":"https:\/\/api.w.org\/{rel}","templated":true}]}}