{"id":483,"date":"2018-09-04T12:26:19","date_gmt":"2018-09-04T12:26:19","guid":{"rendered":"http:\/\/vdmcargo.com\/?page_id=483"},"modified":"2021-11-11T12:40:42","modified_gmt":"2021-11-11T12:40:42","slug":"home","status":"publish","type":"page","link":"https:\/\/vdmcargo.com\/de\/","title":{"rendered":"Home"},"content":{"rendered":"<p>[vc_row row_height_percent=&#8220;0&#8243; override_padding=&#8220;yes&#8220; h_padding=&#8220;0&#8243; top_padding=&#8220;0&#8243; bottom_padding=&#8220;0&#8243; overlay_alpha=&#8220;50&#8243; equal_height=&#8220;yes&#8220; gutter_size=&#8220;0&#8243; column_width_percent=&#8220;100&#8243; shift_y=&#8220;0&#8243; z_index=&#8220;10&#8243; css=&#8220;.vc_custom_1602668870208{margin-top: -50px !important;padding-right: 5% !important;padding-left: 5% !important;}&#8220;][vc_column column_width_percent=&#8220;100&#8243; align_horizontal=&#8220;align_center&#8220; gutter_size=&#8220;3&#8243; override_padding=&#8220;yes&#8220; column_padding=&#8220;0&#8243; back_color=&#8220;color-xsdn&#8220; overlay_alpha=&#8220;50&#8243; shift_x=&#8220;0&#8243; shift_y=&#8220;0&#8243; shift_y_down=&#8220;0&#8243; z_index=&#8220;0&#8243; medium_width=&#8220;5&#8243; mobile_width=&#8220;0&#8243; css_animation=&#8220;bottom-t-top&#8220; width=&#8220;7\/12&#8243; css=&#8220;.vc_custom_1531212317154{padding-top: 20px !important;padding-right: 5% !important;padding-bottom: 30px !important;padding-left: 5% !important;}&#8220;][vc_column_text]<\/p>\n<h1>MEHR ALS NUR TRANSPORT<\/h1>\n<hr style=\"height: 3px; border: none; color: #231e55; background-color: #231e55;\" width=\"100px\" \/>\n<h5>VDM Cargo ist Ihr zuverl\u00e4ssiger Partner im Bereich der Transporte von und in die Schweiz und nach Norditalien. Seit 2009 auf Sammelguttransporte in der Schweiz spezialisiert, aber bereits seit mehr als 20 Jahren Erfahrung mit Transporten in diesem Alpenland.<\/h5>\n<p><a href=\"http:\/\/vdmcargo.com\/de\/ueber-uns\/\"><img decoding=\"async\" src=\"http:\/\/vdmcargo.com\/wp-content\/uploads\/2018\/09\/uberuns.svg\" alt=\"\" width=\"164\" height=\"47\" \/><\/a>[\/vc_column_text][\/vc_column][vc_column column_width_percent=&#8220;100&#8243; gutter_size=&#8220;3&#8243; back_image=&#8220;447&#8243; back_position=&#8220;left center&#8220; overlay_alpha=&#8220;50&#8243; shift_x=&#8220;0&#8243; shift_y=&#8220;0&#8243; shift_y_down=&#8220;0&#8243; z_index=&#8220;0&#8243; medium_width=&#8220;3&#8243; mobile_visibility=&#8220;yes&#8220; mobile_width=&#8220;0&#8243; css_animation=&#8220;bottom-t-top&#8220; width=&#8220;5\/12&#8243;][\/vc_column][\/vc_row][vc_row][vc_column width=&#8220;1\/1&#8243;][\/vc_column][\/vc_row][vc_row row_height_percent=&#8220;0&#8243; override_padding=&#8220;yes&#8220; h_padding=&#8220;0&#8243; top_padding=&#8220;2&#8243; bottom_padding=&#8220;3&#8243; back_image=&#8220;449&#8243; parallax=&#8220;yes&#8220; overlay_color=&#8220;color-jevc&#8220; overlay_alpha=&#8220;20&#8243; gutter_size=&#8220;3&#8243; column_width_percent=&#8220;100&#8243; shift_y=&#8220;0&#8243; z_index=&#8220;0&#8243; css=&#8220;.vc_custom_1536060244670{padding-right: 5% !important;padding-left: 5% !important;}&#8220;][vc_column column_width_percent=&#8220;100&#8243; align_horizontal=&#8220;align_center&#8220; gutter_size=&#8220;3&#8243; style=&#8220;dark&#8220; overlay_alpha=&#8220;50&#8243; shift_x=&#8220;0&#8243; shift_y=&#8220;0&#8243; shift_y_down=&#8220;0&#8243; z_index=&#8220;0&#8243; medium_width=&#8220;0&#8243; mobile_width=&#8220;0&#8243; width=&#8220;1\/1&#8243;][vc_column_text]<\/p>\n<h1>DIENSTLEISTUNGEN<\/h1>\n<hr style=\"height: 3px; border: none; color: #ffffff; background-color: #ffffff;\" width=\"100px\" \/>\n<h5>Die M\u00f6glichkeiten sind unbegrenzt.<\/h5>\n<p>[\/vc_column_text][vc_row_inner row_inner_height_percent=&#8220;0&#8243; overlay_alpha=&#8220;50&#8243; equal_height=&#8220;yes&#8220; gutter_size=&#8220;1&#8243; shift_y=&#8220;0&#8243; z_index=&#8220;0&#8243;][vc_column_inner column_width_percent=&#8220;100&#8243; align_horizontal=&#8220;align_center&#8220; gutter_size=&#8220;3&#8243; override_padding=&#8220;yes&#8220; column_padding=&#8220;2&#8243; style=&#8220;light&#8220; overlay_color=&#8220;color-xsdn&#8220; overlay_alpha=&#8220;90&#8243; shift_x=&#8220;0&#8243; shift_y=&#8220;0&#8243; shift_y_down=&#8220;0&#8243; z_index=&#8220;0&#8243; medium_width=&#8220;0&#8243; mobile_width=&#8220;0&#8243; css_animation=&#8220;bottom-t-top&#8220; radius=&#8220;sm&#8220; width=&#8220;1\/3&#8243; css=&#8220;.vc_custom_1534767198121{padding-top: 20px !important;padding-right: 2% !important;padding-bottom: 20px !important;padding-left: 2% !important;}&#8220;][vc_column_text]<img decoding=\"async\" src=\"http:\/\/vdmcargo.com\/wp-content\/uploads\/2018\/07\/icon1.svg\" alt=\"\" width=\"154\" height=\"59\" \/><\/p>\n<h2>TAUTLINER<\/h2>\n<hr style=\"height: 3px; border: none; color: #231e55; background-color: #231e55;\" width=\"100px\" \/>\n<p>Tautliner werden f\u00fcr alle Arten von Transporten wie Food, Non-Food, Adressg\u00fcter, B\u00e4ume usw. eingesetzt. Eine Reihe von Anh\u00e4ngern ist mit einem Heckklappen- und\/oder Hubdach und\/oder einem verbreiterbaren Heckportal ausgestattet.<\/p>\n<p><a href=\"http:\/\/vdmcargo.com\/de\/dienstleistungen\/tautliners\/\"><img decoding=\"async\" src=\"http:\/\/vdmcargo.com\/wp-content\/uploads\/2018\/09\/weiterlesen-1.svg\" alt=\"\" width=\"140\" height=\"36\" \/><\/a>[\/vc_column_text][\/vc_column_inner][vc_column_inner column_width_percent=&#8220;100&#8243; align_horizontal=&#8220;align_center&#8220; gutter_size=&#8220;3&#8243; style=&#8220;light&#8220; overlay_color=&#8220;color-xsdn&#8220; overlay_alpha=&#8220;90&#8243; shift_x=&#8220;0&#8243; shift_y=&#8220;0&#8243; shift_y_down=&#8220;0&#8243; z_index=&#8220;0&#8243; medium_width=&#8220;0&#8243; mobile_width=&#8220;0&#8243; css_animation=&#8220;bottom-t-top&#8220; animation_delay=&#8220;200&#8243; width=&#8220;1\/3&#8243; css=&#8220;.vc_custom_1534767054693{padding-top: 20px !important;padding-right: 2% !important;padding-bottom: 20px !important;padding-left: 2% !important;}&#8220;][vc_column_text]<img decoding=\"async\" src=\"http:\/\/vdmcargo.com\/wp-content\/uploads\/2018\/07\/icon2.svg\" alt=\"\" width=\"154\" height=\"59\" \/><\/p>\n<h2>K\u00dcHLER<\/h2>\n<hr style=\"height: 3px; border: none; color: #231e55; background-color: #231e55;\" width=\"100px\" \/>\n<p>Konditionierter Transport von Lebensmitteln, Non-Food, Chemikalien und\/oder hochwertigen G\u00fctern, auf Wunsch ist eine Lieferung mit einer Ladeklappe m\u00f6glich.<\/p>\n<p><a href=\"http:\/\/vdmcargo.com\/de\/dienstleistungen\/kuehler\/\"><img decoding=\"async\" src=\"http:\/\/vdmcargo.com\/wp-content\/uploads\/2018\/09\/weiterlesen-1.svg\" alt=\"\" width=\"140\" height=\"36\" \/><\/a>[\/vc_column_text][\/vc_column_inner][vc_column_inner column_width_percent=&#8220;100&#8243; align_horizontal=&#8220;align_center&#8220; gutter_size=&#8220;3&#8243; style=&#8220;light&#8220; overlay_color=&#8220;color-xsdn&#8220; overlay_alpha=&#8220;90&#8243; shift_x=&#8220;0&#8243; shift_y=&#8220;0&#8243; shift_y_down=&#8220;0&#8243; z_index=&#8220;0&#8243; medium_width=&#8220;0&#8243; mobile_width=&#8220;0&#8243; css_animation=&#8220;bottom-t-top&#8220; animation_delay=&#8220;400&#8243; width=&#8220;1\/3&#8243; css=&#8220;.vc_custom_1534767069532{padding-top: 20px !important;padding-right: 2% !important;padding-bottom: 20px !important;padding-left: 2% !important;}&#8220;][vc_column_text]<img decoding=\"async\" src=\"http:\/\/vdmcargo.com\/wp-content\/uploads\/2018\/07\/icon3.svg\" alt=\"\" width=\"154\" height=\"59\" \/><\/p>\n<h2>SEMITIEFLADER<\/h2>\n<hr style=\"height: 3px; border: none; color: #231e55; background-color: #231e55;\" width=\"100px\" \/>\n<p>Der Semie-Tieflader eignet sich hervorragend f\u00fcr den Transport von Volumeng\u00fctern wie gro\u00dfe Kartons oder Maschinen. Der Anh\u00e4nger ist mit Rampen und einem erweiterbaren Portal ausgestattet, so dass Ihre Ladung fast immer passt.<\/p>\n<p><a href=\"http:\/\/vdmcargo.com\/de\/dienstleistungen\/semi-diepladers\/\"><img decoding=\"async\" src=\"http:\/\/vdmcargo.com\/wp-content\/uploads\/2018\/09\/weiterlesen-1.svg\" alt=\"\" width=\"140\" height=\"36\" \/><\/a>[\/vc_column_text][\/vc_column_inner][\/vc_row_inner][\/vc_column][\/vc_row][vc_row row_height_percent=&#8220;0&#8243; override_padding=&#8220;yes&#8220; h_padding=&#8220;0&#8243; top_padding=&#8220;2&#8243; bottom_padding=&#8220;2&#8243; back_color=&#8220;color-xsdn&#8220; overlay_alpha=&#8220;50&#8243; gutter_size=&#8220;3&#8243; column_width_percent=&#8220;100&#8243; shift_y=&#8220;0&#8243; z_index=&#8220;0&#8243; css=&#8220;.vc_custom_1531125281887{padding-right: 5% !important;padding-left: 5% !important;}&#8220;][vc_column column_width_percent=&#8220;100&#8243; gutter_size=&#8220;0&#8243; override_padding=&#8220;yes&#8220; column_padding=&#8220;0&#8243; overlay_alpha=&#8220;50&#8243; shift_x=&#8220;0&#8243; shift_y=&#8220;0&#8243; shift_y_down=&#8220;0&#8243; z_index=&#8220;0&#8243; medium_width=&#8220;0&#8243; mobile_width=&#8220;0&#8243; width=&#8220;1\/1&#8243;][vc_row_inner row_inner_height_percent=&#8220;0&#8243; force_width_grid=&#8220;yes&#8220; overlay_alpha=&#8220;50&#8243; gutter_size=&#8220;3&#8243; shift_y=&#8220;0&#8243; z_index=&#8220;0&#8243;][vc_column_inner column_width_percent=&#8220;100&#8243; gutter_size=&#8220;3&#8243; overlay_alpha=&#8220;50&#8243; shift_x=&#8220;0&#8243; shift_y=&#8220;0&#8243; shift_y_down=&#8220;0&#8243; z_index=&#8220;0&#8243; medium_width=&#8220;0&#8243; mobile_visibility=&#8220;yes&#8220; mobile_width=&#8220;0&#8243; width=&#8220;1\/1&#8243; link_to=&#8220;url:http%3A%2F%2Fvdmcargo.com%2Fde%2Fdieseltoeslag%2F|||&#8220;][vc_single_image media=&#8220;753&#8243; media_width_use_pixel=&#8220;yes&#8220; alignment=&#8220;center&#8220; media_width_pixel=&#8220;419&#8243;][\/vc_column_inner][\/vc_row_inner][vc_row_inner row_inner_height_percent=&#8220;0&#8243; force_width_grid=&#8220;yes&#8220; overlay_alpha=&#8220;50&#8243; gutter_size=&#8220;3&#8243; shift_y=&#8220;0&#8243; z_index=&#8220;0&#8243;][vc_column_inner column_width_percent=&#8220;100&#8243; gutter_size=&#8220;3&#8243; override_padding=&#8220;yes&#8220; column_padding=&#8220;0&#8243; overlay_alpha=&#8220;50&#8243; shift_x=&#8220;0&#8243; shift_y=&#8220;0&#8243; shift_y_down=&#8220;0&#8243; z_index=&#8220;0&#8243; desktop_visibility=&#8220;yes&#8220; medium_visibility=&#8220;yes&#8220; medium_width=&#8220;0&#8243; mobile_width=&#8220;0&#8243; width=&#8220;1\/1&#8243; link_to=&#8220;url:http%3A%2F%2Fvdmcargo.com%2Fde%2Fdieseltoeslag%2F|||&#8220;][vc_single_image media=&#8220;756&#8243; media_width_use_pixel=&#8220;yes&#8220; alignment=&#8220;center&#8220; media_width_pixel=&#8220;314&#8243;][\/vc_column_inner][\/vc_row_inner][\/vc_column][\/vc_row][vc_row row_height_percent=&#8220;0&#8243; override_padding=&#8220;yes&#8220; h_padding=&#8220;0&#8243; top_padding=&#8220;3&#8243; bottom_padding=&#8220;3&#8243; overlay_alpha=&#8220;50&#8243; gutter_size=&#8220;0&#8243; column_width_percent=&#8220;100&#8243; shift_y=&#8220;0&#8243; z_index=&#8220;0&#8243; css=&#8220;.vc_custom_1530802679579{padding-right: 5% !important;padding-left: 5% !important;}&#8220;][vc_column column_width_percent=&#8220;100&#8243; gutter_size=&#8220;3&#8243; overlay_alpha=&#8220;50&#8243; shift_x=&#8220;0&#8243; shift_y=&#8220;0&#8243; shift_y_down=&#8220;0&#8243; z_index=&#8220;0&#8243; medium_width=&#8220;0&#8243; mobile_width=&#8220;0&#8243; css_animation=&#8220;bottom-t-top&#8220; width=&#8220;1\/2&#8243;][uncode_index el_id=&#8220;index-673906&#8243; loop=&#8220;size:1|order_by:date|post_type:nieuwsbericht&#8220; gutter_size=&#8220;3&#8243; post_items=&#8220;media|featured|onpost|original&#8220; screen_lg=&#8220;1000&#8243; screen_md=&#8220;600&#8243; screen_sm=&#8220;480&#8243; single_text=&#8220;overlay&#8220; single_width=&#8220;12&#8243; images_size=&#8220;one-one&#8220; single_overlay_color=&#8220;color-jevc&#8220; single_overlay_coloration=&#8220;bottom_gradient&#8220; single_overlay_opacity=&#8220;41&#8243; single_overlay_visible=&#8220;yes&#8220; single_overlay_anim=&#8220;no&#8220; single_text_visible=&#8220;yes&#8220; single_text_anim=&#8220;no&#8220; single_v_position=&#8220;bottom&#8220; single_padding=&#8220;2&#8243; single_title_dimension=&#8220;h2&#8243; single_title_transform=&#8220;uppercase&#8220; single_border=&#8220;yes&#8220; nieuwsbericht_items=&#8220;media|featured|onpost|original,title,text|full|100&#8243; offset=&#8220;0&#8243;][\/vc_column][vc_column column_width_percent=&#8220;100&#8243; gutter_size=&#8220;0&#8243; override_padding=&#8220;yes&#8220; column_padding=&#8220;0&#8243; overlay_alpha=&#8220;50&#8243; shift_x=&#8220;0&#8243; shift_y=&#8220;0&#8243; shift_y_down=&#8220;0&#8243; z_index=&#8220;0&#8243; medium_width=&#8220;0&#8243; mobile_width=&#8220;0&#8243; width=&#8220;1\/2&#8243;][vc_row_inner row_inner_height_percent=&#8220;0&#8243; overlay_alpha=&#8220;50&#8243; gutter_size=&#8220;0&#8243; shift_y=&#8220;0&#8243; z_index=&#8220;0&#8243;][vc_column_inner column_width_percent=&#8220;100&#8243; gutter_size=&#8220;3&#8243; override_padding=&#8220;yes&#8220; column_padding=&#8220;0&#8243; back_color=&#8220;color-xsdn&#8220; overlay_alpha=&#8220;50&#8243; shift_x=&#8220;0&#8243; shift_y=&#8220;0&#8243; shift_y_down=&#8220;0&#8243; z_index=&#8220;0&#8243; medium_width=&#8220;0&#8243; mobile_width=&#8220;0&#8243; css_animation=&#8220;bottom-t-top&#8220; animation_delay=&#8220;200&#8243; width=&#8220;1\/2&#8243;][uncode_index el_id=&#8220;index-673906&#8243; loop=&#8220;size:1|order_by:date|post_type:nieuwsbericht&#8220; gutter_size=&#8220;3&#8243; post_items=&#8220;media|featured|onpost|original&#8220; screen_lg=&#8220;1000&#8243; screen_md=&#8220;600&#8243; screen_sm=&#8220;480&#8243; single_width=&#8220;6&#8243; images_size=&#8220;one-one&#8220; single_overlay_opacity=&#8220;1&#8243; single_padding=&#8220;2&#8243; single_border=&#8220;yes&#8220; nieuwsbericht_items=&#8220;media|featured|onpost|original&#8220; offset=&#8220;1&#8243;][\/vc_column_inner][vc_column_inner column_width_percent=&#8220;100&#8243; gutter_size=&#8220;3&#8243; back_color=&#8220;color-xsdn&#8220; overlay_alpha=&#8220;50&#8243; shift_x=&#8220;0&#8243; shift_y=&#8220;0&#8243; shift_y_down=&#8220;0&#8243; z_index=&#8220;0&#8243; medium_width=&#8220;0&#8243; mobile_width=&#8220;0&#8243; css_animation=&#8220;bottom-t-top&#8220; animation_delay=&#8220;200&#8243; width=&#8220;1\/2&#8243; css=&#8220;.vc_custom_1531148012548{padding-right: 5% !important;padding-left: 5% !important;}&#8220;][uncode_index el_id=&#8220;index-673906&#8243; loop=&#8220;size:1|order_by:date|post_type:nieuwsbericht&#8220; gutter_size=&#8220;3&#8243; post_items=&#8220;&#8220; screen_lg=&#8220;1000&#8243; screen_md=&#8220;600&#8243; screen_sm=&#8220;480&#8243; single_width=&#8220;6&#8243; images_size=&#8220;one-one&#8220; single_overlay_opacity=&#8220;50&#8243; single_padding=&#8220;2&#8243; nieuwsbericht_items=&#8220;title,text|full|100&#8243; offset=&#8220;1&#8243;][\/vc_column_inner][\/vc_row_inner][vc_row_inner row_inner_height_percent=&#8220;0&#8243; overlay_alpha=&#8220;50&#8243; gutter_size=&#8220;0&#8243; shift_y=&#8220;0&#8243; z_index=&#8220;0&#8243;][vc_column_inner column_width_percent=&#8220;100&#8243; gutter_size=&#8220;3&#8243; back_color=&#8220;color-xsdn&#8220; overlay_alpha=&#8220;50&#8243; shift_x=&#8220;0&#8243; shift_y=&#8220;0&#8243; shift_y_down=&#8220;0&#8243; z_index=&#8220;0&#8243; medium_width=&#8220;0&#8243; mobile_width=&#8220;0&#8243; css_animation=&#8220;bottom-t-top&#8220; animation_delay=&#8220;400&#8243; width=&#8220;1\/2&#8243; css=&#8220;.vc_custom_1531148041949{padding-right: 5% !important;padding-left: 5% !important;}&#8220;][uncode_index el_id=&#8220;index-673906&#8243; loop=&#8220;size:1|order_by:date|post_type:nieuwsbericht&#8220; gutter_size=&#8220;3&#8243; post_items=&#8220;&#8220; screen_lg=&#8220;1000&#8243; screen_md=&#8220;600&#8243; screen_sm=&#8220;480&#8243; single_width=&#8220;6&#8243; images_size=&#8220;one-one&#8220; single_overlay_opacity=&#8220;50&#8243; single_padding=&#8220;2&#8243; nieuwsbericht_items=&#8220;title,text|full|100&#8243; offset=&#8220;2&#8243;][\/vc_column_inner][vc_column_inner column_width_percent=&#8220;100&#8243; gutter_size=&#8220;3&#8243; override_padding=&#8220;yes&#8220; column_padding=&#8220;0&#8243; back_color=&#8220;color-xsdn&#8220; overlay_alpha=&#8220;50&#8243; shift_x=&#8220;0&#8243; shift_y=&#8220;0&#8243; shift_y_down=&#8220;0&#8243; z_index=&#8220;0&#8243; medium_width=&#8220;0&#8243; mobile_width=&#8220;0&#8243; css_animation=&#8220;bottom-t-top&#8220; animation_delay=&#8220;400&#8243; width=&#8220;1\/2&#8243;][uncode_index el_id=&#8220;index-673906&#8243; loop=&#8220;size:1|order_by:date|post_type:nieuwsbericht&#8220; gutter_size=&#8220;3&#8243; post_items=&#8220;media|featured|onpost|original&#8220; screen_lg=&#8220;1000&#8243; screen_md=&#8220;600&#8243; screen_sm=&#8220;480&#8243; single_width=&#8220;6&#8243; images_size=&#8220;one-one&#8220; single_overlay_opacity=&#8220;1&#8243; single_padding=&#8220;2&#8243; single_border=&#8220;yes&#8220; nieuwsbericht_items=&#8220;media|featured|onpost|original&#8220; offset=&#8220;2&#8243;][\/vc_column_inner][\/vc_row_inner][\/vc_column][\/vc_row]<\/p>\n","protected":false},"excerpt":{"rendered":"<p>[vc_row row_height_percent=&#8220;0&#8243; override_padding=&#8220;yes&#8220; h_padding=&#8220;0&#8243; top_padding=&#8220;0&#8243; bottom_padding=&#8220;0&#8243; overlay_alpha=&#8220;50&#8243; equal_height=&#8220;yes&#8220; gutter_size=&#8220;0&#8243; column_width_percent=&#8220;100&#8243; shift_y=&#8220;0&#8243; z_index=&#8220;10&#8243; css=&#8220;.vc_custom_1602668870208{margin-top: -50px !important;padding-right: 5% !important;padding-left: 5% !important;}&#8220;][vc_column column_width_percent=&#8220;100&#8243; [&hellip;]<\/p>\n","protected":false},"author":1,"featured_media":0,"parent":0,"menu_order":0,"comment_status":"closed","ping_status":"closed","template":"","meta":{"footnotes":""},"class_list":["post-483","page","type-page","status-publish","hentry"],"_links":{"self":[{"href":"https:\/\/vdmcargo.com\/de\/wp-json\/wp\/v2\/pages\/483\/"}],"collection":[{"href":"https:\/\/vdmcargo.com\/de\/wp-json\/wp\/v2\/pages\/"}],"about":[{"href":"https:\/\/vdmcargo.com\/de\/wp-json\/wp\/v2\/types\/page\/"}],"author":[{"embeddable":true,"href":"https:\/\/vdmcargo.com\/de\/wp-json\/wp\/v2\/users\/1\/"}],"replies":[{"embeddable":true,"href":"https:\/\/vdmcargo.com\/de\/wp-json\/wp\/v2\/comments\/?post=483"}],"version-history":[{"count":10,"href":"https:\/\/vdmcargo.com\/de\/wp-json\/wp\/v2\/pages\/483\/revisions\/"}],"predecessor-version":[{"id":1229,"href":"https:\/\/vdmcargo.com\/de\/wp-json\/wp\/v2\/pages\/483\/revisions\/1229\/"}],"wp:attachment":[{"href":"https:\/\/vdmcargo.com\/de\/wp-json\/wp\/v2\/media\/?parent=483"}],"curies":[{"name":"wp","href":"https:\/\/api.w.org\/{rel}","templated":true}]}}